{"id":13,"date":"2017-01-13T13:25:33","date_gmt":"2017-01-13T13:25:33","guid":{"rendered":"http:\/\/server.paap.cup.edu.uy\/wordpress_hlab\/?page_id=13"},"modified":"2017-09-26T14:11:22","modified_gmt":"2017-09-26T14:11:22","slug":"inicio","status":"publish","type":"page","link":"https:\/\/hlab.cup.edu.uy\/","title":{"rendered":"HackLab"},"content":{"rendered":"<p><span style=\"font-weight: 400;\"><img loading=\"lazy\" decoding=\"async\" class=\"alignnone wp-image-87 size-full\" src=\"http:\/\/server.paap.cup.edu.uy\/wordpress_hlab\/wp-content\/uploads\/2017\/01\/collage.jpg\" alt=\"collage\" width=\"1639\" height=\"627\" srcset=\"https:\/\/hlab.cup.edu.uy\/wp-content\/uploads\/2017\/01\/collage.jpg 1639w, https:\/\/hlab.cup.edu.uy\/wp-content\/uploads\/2017\/01\/collage-300x115.jpg 300w, https:\/\/hlab.cup.edu.uy\/wp-content\/uploads\/2017\/01\/collage-768x294.jpg 768w, https:\/\/hlab.cup.edu.uy\/wp-content\/uploads\/2017\/01\/collage-1024x392.jpg 1024w\" sizes=\"auto, (max-width: 1639px) 100vw, 1639px\" \/><\/span><\/p>\n<p><span class=\"il\">Laboratorio de Experimentaci\u00f3n Tecnol\u00f3gica, Hacklab<\/span> Paysand\u00fa, es un espacio dedicado a la libre experimentaci\u00f3n con tecnolog\u00eda.<\/p>\n<p style=\"text-align: justify;\">Nuestro objetivo es difundir la Ciencia y la Tecnolog\u00eda al p\u00fablico en general. Ofrecemos la posibilidad de realizar juntos actividades motivadoras que propicien el aprendizaje a partir del uso de nuevas tecnolog\u00edas y el desarrollo de proyectos anclados en la realidad, que partan\u00a0de un\u00a0inter\u00e9s particular de los participantes. La propuesta es utilizar la tecnolog\u00eda como herramienta transversal para crear soluciones aplicadas a diversas \u00e1reas, como el dise\u00f1o, la actividad cultural, el sector productivo y la salud.<\/p>\n<div style=\"text-align: justify;\">En el Aprendizaje orientado a proyectos, la acci\u00f3n formativa busca desarrollar competencias en situaciones reales. \u00c9sta estrategia fomenta un actuar creativo y orientado a objetivos y competencias espec\u00edficas a trav\u00e9s de la experiencia personal de cada estudiante.<\/div>\n<div style=\"text-align: justify;\"><\/div>\n<div style=\"text-align: justify;\">La idea es acercar de forma sencilla, l\u00fadica y descontracturada las tecnolog\u00edas, que normalmente no est\u00e1n accesibles, al p\u00fablico en general.<div class=\"su-spacer\" style=\"height:40px\"><\/div><\/div>\n<div class=\"su-row\">\n<div class=\"su-column su-column-size-1-2\"><div class=\"su-column-inner su-u-clearfix su-u-trim\"><iframe loading=\"lazy\" src=\"https:\/\/www.youtube.com\/embed\/DBs0j5Fod8A\" width=\"560\" height=\"315\" frameborder=\"0\" allowfullscreen=\"allowfullscreen\"><\/iframe><\/div><\/div>\n<div class=\"su-column su-column-size-1-2\"><div class=\"su-column-inner su-u-clearfix su-u-trim\"><iframe loading=\"lazy\" src=\"https:\/\/www.youtube.com\/embed\/koBiGwdMH4w\" width=\"560\" height=\"315\" frameborder=\"0\" allowfullscreen=\"allowfullscreen\"><\/iframe><\/div><\/div><\/div>\n<p>&nbsp;<\/p>\n<p><span style=\"border-radius: 2px; text-indent: 20px; width: auto; padding: 0px 4px 0px 0px; text-align: center; font: bold 11px\/20px 'Helvetica Neue',Helvetica,sans-serif; color: #ffffff; background: #bd081c no-repeat scroll 3px 50% \/ 14px 14px; position: absolute; opacity: 1; z-index: 8675309; display: none; cursor: pointer; top: 45px; left: 44px;\">Guardar<\/span><\/p>\n<p><span style=\"border-radius: 2px; text-indent: 20px; width: auto; padding: 0px 4px 0px 0px; text-align: center; font: bold 11px\/20px 'Helvetica Neue',Helvetica,sans-serif; color: #ffffff; background: #bd081c no-repeat scroll 3px 50% \/ 14px 14px; position: absolute; opacity: 1; z-index: 8675309; display: none; cursor: pointer;\">Guardar<\/span><\/p>\n<p><span style=\"border-radius: 2px; text-indent: 20px; width: auto; padding: 0px 4px 0px 0px; text-align: center; font: bold 11px\/20px 'Helvetica Neue',Helvetica,sans-serif; color: #ffffff; background: #bd081c no-repeat scroll 3px 50% \/ 14px 14px; position: absolute; opacity: 1; z-index: 8675309; display: none; cursor: pointer;\">Guardar<\/span><\/p>\n<p><span style=\"border-radius: 2px; text-indent: 20px; width: auto; padding: 0px 4px 0px 0px; text-align: center; font: bold 11px\/20px 'Helvetica Neue',Helvetica,sans-serif; color: #ffffff; background: #bd081c no-repeat scroll 3px 50% \/ 14px 14px; position: absolute; opacity: 1; z-index: 8675309; display: none; cursor: pointer;\">Guardar<\/span><\/p>\n<p><span style=\"border-radius: 2px; text-indent: 20px; width: auto; padding: 0px 4px 0px 0px; text-align: center; font: bold 11px\/20px 'Helvetica Neue',Helvetica,sans-serif; color: #ffffff; background: #bd081c no-repeat scroll 3px 50% \/ 14px 14px; position: absolute; opacity: 1; z-index: 8675309; display: none; cursor: pointer; top: 45px; left: 44px;\">Guardar<\/span><\/p>\n<p><span style=\"border-radius: 2px; text-indent: 20px; width: auto; padding: 0px 4px 0px 0px; text-align: center; font: bold 11px\/20px 'Helvetica Neue',Helvetica,sans-serif; color: #ffffff; background: #bd081c no-repeat scroll 3px 50% \/ 14px 14px; position: absolute; opacity: 1; z-index: 8675309; display: none; cursor: pointer; top: 45px; left: 44px;\">Guardar<\/span><\/p>\n<p><span style=\"border-radius: 2px; text-indent: 20px; width: auto; padding: 0px 4px 0px 0px; text-align: center; font: bold 11px\/20px 'Helvetica Neue',Helvetica,sans-serif; color: #ffffff; background: #bd081c no-repeat scroll 3px 50% \/ 14px 14px; position: absolute; opacity: 1; z-index: 8675309; display: none; cursor: pointer;\">Guardar<\/span><\/p>\n<p><span style=\"border-radius: 2px; text-indent: 20px; width: auto; padding: 0px 4px 0px 0px; text-align: center; font: bold 11px\/20px 'Helvetica Neue',Helvetica,sans-serif; color: #ffffff; background: #bd081c no-repeat scroll 3px 50% \/ 14px 14px; position: absolute; opacity: 1; z-index: 8675309; display: none; cursor: pointer;\">Guardar<\/span><\/p>\n<p><span style=\"border-radius: 2px; text-indent: 20px; width: auto; padding: 0px 4px 0px 0px; text-align: center; font: bold 11px\/20px 'Helvetica Neue',Helvetica,sans-serif; color: #ffffff; background: #bd081c no-repeat scroll 3px 50% \/ 14px 14px; position: absolute; opacity: 1; z-index: 8675309; display: none; cursor: pointer;\">Guardar<\/span><\/p>\n<p><span style=\"border-radius: 2px; text-indent: 20px; width: auto; padding: 0px 4px 0px 0px; text-align: center; font: bold 11px\/20px 'Helvetica Neue',Helvetica,sans-serif; color: #ffffff; background: #bd081c no-repeat scroll 3px 50% \/ 14px 14px; position: absolute; opacity: 1; z-index: 8675309; display: none; cursor: pointer;\">Guardar<\/span><\/p>\n<p><span style=\"border-radius: 2px; text-indent: 20px; width: auto; padding: 0px 4px 0px 0px; text-align: center; font: bold 11px\/20px 'Helvetica Neue',Helvetica,sans-serif; color: #ffffff; background: #bd081c no-repeat scroll 3px 50% \/ 14px 14px; position: absolute; opacity: 1; z-index: 8675309; display: none; cursor: pointer;\">Guardar<\/span><\/p>\n<p><span style=\"border-radius: 2px; text-indent: 20px; width: auto; padding: 0px 4px 0px 0px; text-align: center; font: bold 11px\/20px 'Helvetica Neue',Helvetica,sans-serif; color: #ffffff; background: #bd081c no-repeat scroll 3px 50% \/ 14px 14px; position: absolute; opacity: 1; z-index: 8675309; display: none; cursor: pointer;\">Guardar<\/span><\/p>\n","protected":false},"excerpt":{"rendered":"","protected":false},"author":1,"featured_media":0,"parent":0,"menu_order":0,"comment_status":"closed","ping_status":"closed","template":"template-fullwidth.php","meta":{"footnotes":""},"class_list":["post-13","page","type-page","status-publish","hentry"],"_links":{"self":[{"href":"https:\/\/hlab.cup.edu.uy\/index.php\/wp-json\/wp\/v2\/pages\/13","targetHints":{"allow":["GET"]}}],"collection":[{"href":"https:\/\/hlab.cup.edu.uy\/index.php\/wp-json\/wp\/v2\/pages"}],"about":[{"href":"https:\/\/hlab.cup.edu.uy\/index.php\/wp-json\/wp\/v2\/types\/page"}],"author":[{"embeddable":true,"href":"https:\/\/hlab.cup.edu.uy\/index.php\/wp-json\/wp\/v2\/users\/1"}],"replies":[{"embeddable":true,"href":"https:\/\/hlab.cup.edu.uy\/index.php\/wp-json\/wp\/v2\/comments?post=13"}],"version-history":[{"count":39,"href":"https:\/\/hlab.cup.edu.uy\/index.php\/wp-json\/wp\/v2\/pages\/13\/revisions"}],"predecessor-version":[{"id":709,"href":"https:\/\/hlab.cup.edu.uy\/index.php\/wp-json\/wp\/v2\/pages\/13\/revisions\/709"}],"wp:attachment":[{"href":"https:\/\/hlab.cup.edu.uy\/index.php\/wp-json\/wp\/v2\/media?parent=13"}],"curies":[{"name":"wp","href":"https:\/\/api.w.org\/{rel}","templated":true}]}}