{"id":21,"date":"2017-01-13T13:28:40","date_gmt":"2017-01-13T13:28:40","guid":{"rendered":"http:\/\/server.paap.cup.edu.uy\/wordpress_hlab\/?page_id=21"},"modified":"2019-02-01T18:53:52","modified_gmt":"2019-02-01T18:53:52","slug":"quienes-somos","status":"publish","type":"page","link":"https:\/\/hlab.cup.edu.uy\/index.php\/quienes-somos\/","title":{"rendered":"Qui\u00e9nes somos"},"content":{"rendered":"<blockquote><p>Somos ingenieros, investigadores, hackers, desarrolladores, gente que comparte un ambiente fresco y productivo, divirti\u00e9ndose mucho mientras trabaja duro y con pasi\u00f3n en lo que le gusta.<\/p><\/blockquote>\n<div class=\"su-quote su-quote-style-default\"><div class=\"su-quote-inner su-u-clearfix su-u-trim\">\u00a0El equipo de trabajo est\u00e1 formados por ingenieros con experiencia en trabajo multidisciplinario, incluyendo aplicaciones a la biolog\u00eda, la agronom\u00eda y la medicina. En particular, varios de nosotros, hemos participado en el dictado de clases en el Tecnol\u00f3go en Inform\u00e1tica de Paysand\u00fa y hemos dirigido varios proyectos.<\/p>\n<p>El equipo de trabajo tiene experiencia tambi\u00e9n en la creaci\u00f3n e implantaci\u00f3n de nuevas propuestas educativas, como la <a href=\"http:\/\/ingbio.paap.cup.edu.uy\/\" target=\"_blank\" rel=\"noopener noreferrer\">Licenciatura en Ingenier\u00eda Biol\u00f3gica<\/a>, de Facultad de Ingenier\u00eda.\u00a0<\/div><\/div>\n<hr \/>\n<p><img loading=\"lazy\" decoding=\"async\" class=\"wp-image-159 alignleft\" src=\"http:\/\/server.paap.cup.edu.uy\/wordpress_hlab\/wp-content\/uploads\/2017\/01\/Juan-Cardelino-150x150.jpg\" alt=\"Juan-Cardelino\" width=\"200\" height=\"200\" srcset=\"https:\/\/hlab.cup.edu.uy\/wp-content\/uploads\/2017\/01\/Juan-Cardelino-150x150.jpg 150w, https:\/\/hlab.cup.edu.uy\/wp-content\/uploads\/2017\/01\/Juan-Cardelino-300x300.jpg 300w, https:\/\/hlab.cup.edu.uy\/wp-content\/uploads\/2017\/01\/Juan-Cardelino-768x768.jpg 768w, https:\/\/hlab.cup.edu.uy\/wp-content\/uploads\/2017\/01\/Juan-Cardelino.jpg 970w\" sizes=\"auto, (max-width: 200px) 100vw, 200px\" \/><strong>Juan Cardelino,\u00a0<\/strong>38 a\u00f1os.<\/p>\n<p style=\"text-align: left;\"><strong><span style=\"color: #333333;\"><em>\u00abDesde chico me apasiona la electr\u00f3nica y la programaci\u00f3n, de grande me apasiona el kayak. Siempre busco juntar ambas pasiones. Profesionalmente me dedico al aprendizaje autom\u00e1tico y el procesamiento de im\u00e1genes. Me motiva aprender cosas nuevas y alimentar la curiosidad y la imaginaci\u00f3n. Creo que la Ciencia y la Tecnolog\u00eda pueden mejorar la vida de las personas, y por eso me dedico a difundirlas.\u00bb<\/em><\/span><\/strong><\/p>\n<p style=\"text-align: left;\"><a href=\"http:\/\/hlab.cup.edu.uy\/index.php\/category\/equipo\/juan-cardelino\/\">Proyectos realizados por Juan en el HackLab<\/a><\/p>\n<hr \/>\n<p><img loading=\"lazy\" decoding=\"async\" class=\"alignnone wp-image-1108 alignleft\" src=\"https:\/\/hlab.cup.edu.uy\/wp-content\/uploads\/2017\/01\/AGL0005.jpg\" alt=\"\" width=\"204\" height=\"204\" srcset=\"https:\/\/hlab.cup.edu.uy\/wp-content\/uploads\/2017\/01\/AGL0005.jpg 3122w, https:\/\/hlab.cup.edu.uy\/wp-content\/uploads\/2017\/01\/AGL0005-150x150.jpg 150w, https:\/\/hlab.cup.edu.uy\/wp-content\/uploads\/2017\/01\/AGL0005-300x300.jpg 300w, https:\/\/hlab.cup.edu.uy\/wp-content\/uploads\/2017\/01\/AGL0005-768x768.jpg 768w, https:\/\/hlab.cup.edu.uy\/wp-content\/uploads\/2017\/01\/AGL0005-1024x1024.jpg 1024w\" sizes=\"auto, (max-width: 204px) 100vw, 204px\" \/><strong>Mijail Makaroff, <\/strong>24 a\u00f1os.<\/p>\n<p style=\"text-align: left;\"><em><span style=\"color: #333333;\"><strong>\u00abMe gusta aplicar\u00a0de forma pr\u00e1ctica lo que he aprendido: la nuevas tecnolog\u00edas y a\u00fan m\u00e1s las viejas tecnolog\u00edas. Me interesa hacerlo siempre con imaginaci\u00f3n y creatividad, buscar, analizar y solucionar problemas utilizando todos mis conocimientos, mejorando mi entorno y el de los dem\u00e1s.\u00bb<\/strong><\/span><\/em><\/p>\n<p>&nbsp;<\/p>\n<hr \/>\n<p><img loading=\"lazy\" decoding=\"async\" class=\"wp-image-1110 alignleft\" src=\"https:\/\/hlab.cup.edu.uy\/wp-content\/uploads\/2017\/01\/AGL0010.jpg\" alt=\"\" width=\"204\" height=\"204\" srcset=\"https:\/\/hlab.cup.edu.uy\/wp-content\/uploads\/2017\/01\/AGL0010.jpg 4016w, https:\/\/hlab.cup.edu.uy\/wp-content\/uploads\/2017\/01\/AGL0010-150x150.jpg 150w, https:\/\/hlab.cup.edu.uy\/wp-content\/uploads\/2017\/01\/AGL0010-300x300.jpg 300w, https:\/\/hlab.cup.edu.uy\/wp-content\/uploads\/2017\/01\/AGL0010-768x768.jpg 768w, https:\/\/hlab.cup.edu.uy\/wp-content\/uploads\/2017\/01\/AGL0010-1024x1024.jpg 1024w\" sizes=\"auto, (max-width: 204px) 100vw, 204px\" \/><\/p>\n<p style=\"text-align: left;\"><strong>Gabriela Ostuni,<\/strong> 49 a\u00f1os.<\/p>\n<div><em><strong>\u00abComo buena hija de librero, desde peque\u00f1a siempre le\u00ed mucho, sobre todos historias fant\u00e1sticas, creo que eso fue la chispa que encendi\u00f3 mi gusto por\u00a0\u00a0la informaci\u00f3n, la ciencia y la tecnolog\u00eda &#8230; siempre terminaba investigando nuevos dispositivos tecnol\u00f3gicos, para aprender c\u00f3mo se hac\u00edan las cosas.\u00a0 Eso me llev\u00f3 a apasionarme por la inform\u00e1tica y elegirla como opci\u00f3n de vida, cuando el uso de la tecnolog\u00eda no estaba naturalizada en la sociedad como lo est\u00e1 hoy.\u00a0\u00a0<\/strong><\/em><\/div>\n<div><em><strong>Considero que investigar, aprender y luego compartir el conocimiento, es una forma de crecimiento personal,\u00a0 pero sobre todo es un m\u00e9todo para crecer y mejorar como sociedad.\u00a0<\/strong><\/em><\/div>\n<div><em><strong>El Hacklab me permite eso, continuar creciendo d\u00eda a d\u00eda en cada nuevo aprendizaje; y, por un lado, trasmitir ese crecimiento fomentando el descubrimiento de las diversas tecnolog\u00edas en los ni\u00f1os y j\u00f3venes, y por otro lado, brindarnos al sector productivo para trabajar en forma colaborativa generando desarrollo tecnol\u00f3gico y local\u00bb.<\/strong><\/em><\/div>\n<hr \/>\n<p style=\"text-align: left;\"><strong><img loading=\"lazy\" decoding=\"async\" class=\"wp-image-1129 alignleft\" src=\"https:\/\/hlab.cup.edu.uy\/wp-content\/uploads\/2017\/01\/AGL0050.jpg\" alt=\"\" width=\"201\" height=\"201\" srcset=\"https:\/\/hlab.cup.edu.uy\/wp-content\/uploads\/2017\/01\/AGL0050.jpg 2888w, https:\/\/hlab.cup.edu.uy\/wp-content\/uploads\/2017\/01\/AGL0050-150x150.jpg 150w, https:\/\/hlab.cup.edu.uy\/wp-content\/uploads\/2017\/01\/AGL0050-300x300.jpg 300w, https:\/\/hlab.cup.edu.uy\/wp-content\/uploads\/2017\/01\/AGL0050-768x768.jpg 768w, https:\/\/hlab.cup.edu.uy\/wp-content\/uploads\/2017\/01\/AGL0050-1024x1024.jpg 1024w\" sizes=\"auto, (max-width: 201px) 100vw, 201px\" \/>Jorge Rosas,<\/strong> 22 a\u00f1os.<\/p>\n<p style=\"text-align: left;\"><em><strong>\u00abDesde que descubr\u00ed la programaci\u00f3n es algo que me gusta, ya que te da la posibilidad de crear cualquier cosa que te imagines, y a\u00fan m\u00e1s si estas en un entorno de desarrollo de videojuegos.<\/strong><\/em><br \/>\n<em> <strong>La rob\u00f3tica por otro lado tiene las restricciones del mundo real, por lo que para poder crear algo hay que ser a\u00fan m\u00e1s creativo en la forma de como se va a lograr.<\/strong><\/em><br \/>\n<em> <strong>El trabajar en el \u00e1rea de la programaci\u00f3n y la rob\u00f3tica, aparte de ser entretenido, te ayuda a pensar de forma diferente.\u00bb<\/strong><\/em><\/p>\n<hr \/>\n<p><img loading=\"lazy\" decoding=\"async\" class=\"wp-image-1125 alignleft\" src=\"https:\/\/hlab.cup.edu.uy\/wp-content\/uploads\/2017\/01\/AGL0048.jpg\" alt=\"\" width=\"201\" height=\"201\" srcset=\"https:\/\/hlab.cup.edu.uy\/wp-content\/uploads\/2017\/01\/AGL0048.jpg 1181w, https:\/\/hlab.cup.edu.uy\/wp-content\/uploads\/2017\/01\/AGL0048-150x150.jpg 150w, https:\/\/hlab.cup.edu.uy\/wp-content\/uploads\/2017\/01\/AGL0048-300x300.jpg 300w, https:\/\/hlab.cup.edu.uy\/wp-content\/uploads\/2017\/01\/AGL0048-768x768.jpg 768w, https:\/\/hlab.cup.edu.uy\/wp-content\/uploads\/2017\/01\/AGL0048-1024x1024.jpg 1024w\" sizes=\"auto, (max-width: 201px) 100vw, 201px\" \/><strong>Joaqu\u00edn Rivero,<\/strong> 26 a\u00f1os.<\/p>\n<p><em><strong>\u00abDe chico experimentaba con herramientas que hab\u00eda en casa, romp\u00ed un par de computadoras, arregle otras&#8230; De grande\u00a0estudi\u00e9\u00a0Tecn\u00f3logo Mec\u00e1nico.<\/strong><\/em><br \/>\n<em><strong>Aqu\u00ed, en el HackLab, encuentro que puedo volver a experimentar con herramientas, adem\u00e1s de buscar como solucionar, pensar o desarrollar una idea de una persona o colectivo.\u00bb<\/strong><\/em><\/p>\n<p>&nbsp;<\/p>\n<hr \/>\n<h1>Participantes del Hacklab<\/h1>\n<style><\/style><div class=\"wplp_outside wplp_widget_507\" style=\"max-width:100%;\"><div id=\"wplp_widget_507\" class=\"wplp_widget_default wplp_container vertical swiper wplp-swiper default cols3\" data-theme=\"default\" data-post=\"507\" style=\"\" data-max-elts=\"7\" data-per-page=\"10\"><div class=\"wplp_listposts swiper-wrapper\" id=\"default_507\" style=\"width: 100%;\" ><div class=\"swiper-slide\" style=\"\"><div class=\"insideframe\"><div id=\"wplp_box_top_507_590\" class=\"wpcu-front-box top equalHeightImg\" ><div class=\"wplp-box-item\"><\/div><\/div><div id=\"wplp_box_left_507_590\" class=\"wpcu-front-box left wpcu-custom-position\" ><div class=\"wplp-box-item\"><a href=\"https:\/\/hlab.cup.edu.uy\/index.php\/2017\/06\/20\/german-f\/\"  class=\"title\">Germ\u00e1n F.<\/a><span class=\"text\"><span style=\"max-height:2.8em\" class=\"line_limit\">Germ\u00e1n F. estudiante de Doctorado de Ingenier\u00eda El\u00e9ctrica, de 28 a\u00f1os en el 2016, estuvo en el Laboratorio y realiz\u00f3 el siguiente proyecto:\u00a0 ver Proyecto<\/span><span style=\"margin-left:3px; max-height:2.8em\" class=\"line_limit\"> [...]<\/span><\/span><span class=\"custom_fields\">\n<!-- WPLP Unknown field: Custom_Fields -->\n<\/span><\/div><\/div><div id=\"wplp_box_right_507_590\" class=\"wpcu-front-box right wpcu-custom-position\" ><div class=\"wplp-box-item\"><\/div><\/div><div id=\"wplp_box_bottom_507_590\" class=\"wpcu-front-box bottom \" ><div class=\"wplp-box-item\"><\/div><\/div><\/div><\/div><div class=\"swiper-slide\" style=\"\"><div class=\"insideframe\"><div id=\"wplp_box_top_507_588\" class=\"wpcu-front-box top equalHeightImg\" ><div class=\"wplp-box-item\"><\/div><\/div><div id=\"wplp_box_left_507_588\" class=\"wpcu-front-box left wpcu-custom-position\" ><div class=\"wplp-box-item\"><a href=\"https:\/\/hlab.cup.edu.uy\/index.php\/2017\/06\/20\/andres-p\/\"  class=\"title\">Andr\u00e9s P.<\/a><span class=\"text\"><span style=\"max-height:2.8em\" class=\"line_limit\">Andr\u00e9s P. estudiante de 5to a\u00f1o de la carrera de Ingeniero en Computaci\u00f3n, en el 2016, estuvo en el Laboratorio y realiz\u00f3 el siguiente proyecto:\u00a0 ver Proyecto<\/span><span style=\"margin-left:3px; max-height:2.8em\" class=\"line_limit\"> [...]<\/span><\/span><span class=\"custom_fields\">\n<!-- WPLP Unknown field: Custom_Fields -->\n<\/span><\/div><\/div><div id=\"wplp_box_right_507_588\" class=\"wpcu-front-box right wpcu-custom-position\" ><div class=\"wplp-box-item\"><\/div><\/div><div id=\"wplp_box_bottom_507_588\" class=\"wpcu-front-box bottom \" ><div class=\"wplp-box-item\"><\/div><\/div><\/div><\/div><div class=\"swiper-slide\" style=\"\"><div class=\"insideframe\"><div id=\"wplp_box_top_507_581\" class=\"wpcu-front-box top equalHeightImg\" ><div class=\"wplp-box-item\"><\/div><\/div><div id=\"wplp_box_left_507_581\" class=\"wpcu-front-box left wpcu-custom-position\" ><div class=\"wplp-box-item\"><a href=\"https:\/\/hlab.cup.edu.uy\/index.php\/2017\/06\/20\/florencia-f\/\"  class=\"title\">Florencia F.<\/a><span class=\"text\"><span style=\"max-height:2.8em\" class=\"line_limit\">Florencia F. estudiante de Doctorado de Bioqu\u00edmica en el 2016, estuvo en el Laboratorio y realiz\u00f3 el siguiente proyecto:\u00a0 ver Proyecto<\/span><span style=\"margin-left:3px; max-height:2.8em\" class=\"line_limit\"> [...]<\/span><\/span><span class=\"custom_fields\">\n<!-- WPLP Unknown field: Custom_Fields -->\n<\/span><\/div><\/div><div id=\"wplp_box_right_507_581\" class=\"wpcu-front-box right wpcu-custom-position\" ><div class=\"wplp-box-item\"><\/div><\/div><div id=\"wplp_box_bottom_507_581\" class=\"wpcu-front-box bottom \" ><div class=\"wplp-box-item\"><\/div><\/div><\/div><\/div><div class=\"swiper-slide\" style=\"\"><div class=\"insideframe\"><div id=\"wplp_box_top_507_566\" class=\"wpcu-front-box top equalHeightImg\" ><div class=\"wplp-box-item\"><\/div><\/div><div id=\"wplp_box_left_507_566\" class=\"wpcu-front-box left wpcu-custom-position\" ><div class=\"wplp-box-item\"><a href=\"https:\/\/hlab.cup.edu.uy\/index.php\/2017\/06\/20\/juan-alumno-de-la-escuela-no-8\/\"  class=\"title\">Juan alumno de la Escuela N\u00ba 8<\/a><span class=\"text\"><span style=\"max-height:2.8em\" class=\"line_limit\">Ezequiel alumno de 6to a\u00f1o de la Escuela N\u00ba 8 de Paysand\u00fa, de 11 a\u00f1os en el 2016, particip\u00f3 de las actividades realizadas con su clase en el Hacklab. A partir de eso estuvo en el Laboratorio y realiz\u00f3 el siguiente proyecto:\u00a0 ver Proyecto<\/span><span style=\"margin-left:3px; max-height:2.8em\" class=\"line_limit\"> [...]<\/span><\/span><span class=\"custom_fields\">\n<!-- WPLP Unknown field: Custom_Fields -->\n<\/span><\/div><\/div><div id=\"wplp_box_right_507_566\" class=\"wpcu-front-box right wpcu-custom-position\" ><div class=\"wplp-box-item\"><\/div><\/div><div id=\"wplp_box_bottom_507_566\" class=\"wpcu-front-box bottom \" ><div class=\"wplp-box-item\"><\/div><\/div><\/div><\/div><div class=\"swiper-slide\" style=\"\"><div class=\"insideframe\"><div id=\"wplp_box_top_507_562\" class=\"wpcu-front-box top equalHeightImg\" ><div class=\"wplp-box-item\"><\/div><\/div><div id=\"wplp_box_left_507_562\" class=\"wpcu-front-box left wpcu-custom-position\" ><div class=\"wplp-box-item\"><a href=\"https:\/\/hlab.cup.edu.uy\/index.php\/2017\/06\/20\/ezequiel\/\"  class=\"title\">Ezequiel<\/a><span class=\"text\"><span style=\"max-height:2.8em\" class=\"line_limit\">Ezequiel alumno de 6to a\u00f1o de la Escuela N\u00ba 8 de Paysand\u00fa, de 11 a\u00f1os en el 2016, particip\u00f3 de las actividades realizadas con su clase en el Hacklab. A partir de eso estuvo en el Laboratorio y realiz\u00f3 el siguiente proyecto:\u00a0ver Proyecto<\/span><span style=\"margin-left:3px; max-height:2.8em\" class=\"line_limit\"> [...]<\/span><\/span><span class=\"custom_fields\">\n<!-- WPLP Unknown field: Custom_Fields -->\n<\/span><\/div><\/div><div id=\"wplp_box_right_507_562\" class=\"wpcu-front-box right wpcu-custom-position\" ><div class=\"wplp-box-item\"><\/div><\/div><div id=\"wplp_box_bottom_507_562\" class=\"wpcu-front-box bottom \" ><div class=\"wplp-box-item\"><\/div><\/div><\/div><\/div><div class=\"swiper-slide\" style=\"\"><div class=\"insideframe\"><div id=\"wplp_box_top_507_560\" class=\"wpcu-front-box top equalHeightImg\" ><div class=\"wplp-box-item\"><\/div><\/div><div id=\"wplp_box_left_507_560\" class=\"wpcu-front-box left wpcu-custom-position\" ><div class=\"wplp-box-item\"><a href=\"https:\/\/hlab.cup.edu.uy\/index.php\/2017\/06\/20\/lucas-g\/\"  class=\"title\">Lucas G.<\/a><span class=\"text\"><span style=\"max-height:2.8em\" class=\"line_limit\">Lucas G. estudiante de 3er. a\u00f1o de liceo, de 14 a\u00f1os en el 2016, estuvo en el Laboratorio y realiz\u00f3 el siguiente proyecto: ver Proyecto<\/span><span style=\"margin-left:3px; max-height:2.8em\" class=\"line_limit\"> [...]<\/span><\/span><span class=\"custom_fields\">\n<!-- WPLP Unknown field: Custom_Fields -->\n<\/span><\/div><\/div><div id=\"wplp_box_right_507_560\" class=\"wpcu-front-box right wpcu-custom-position\" ><div class=\"wplp-box-item\"><\/div><\/div><div id=\"wplp_box_bottom_507_560\" class=\"wpcu-front-box bottom \" ><div class=\"wplp-box-item\"><\/div><\/div><\/div><\/div><div class=\"swiper-slide\" style=\"\"><div class=\"insideframe\"><div id=\"wplp_box_top_507_503\" class=\"wpcu-front-box top equalHeightImg\" ><div class=\"wplp-box-item\"><\/div><\/div><div id=\"wplp_box_left_507_503\" class=\"wpcu-front-box left wpcu-custom-position\" ><div class=\"wplp-box-item\"><a href=\"https:\/\/hlab.cup.edu.uy\/index.php\/2017\/06\/20\/ignacio-c\/\"  class=\"title\">Ignacio C.<\/a><span class=\"text\"><span style=\"max-height:2.8em\" class=\"line_limit\">Ignacio C. estudiantes de 5to Cient\u00edfico, de 17 a\u00f1os en el 2016, estuvo en el Laboratorio y realiz\u00f3 el siguiente proyecto: ver Proyecto<\/span><span style=\"margin-left:3px; max-height:2.8em\" class=\"line_limit\"> [...]<\/span><\/span><span class=\"custom_fields\">\n<!-- WPLP Unknown field: Custom_Fields -->\n<\/span><\/div><\/div><div id=\"wplp_box_right_507_503\" class=\"wpcu-front-box right wpcu-custom-position\" ><div class=\"wplp-box-item\"><\/div><\/div><div id=\"wplp_box_bottom_507_503\" class=\"wpcu-front-box bottom \" ><div class=\"wplp-box-item\"><\/div><\/div><\/div><\/div><\/div><div class=\"swiper-button-next\"><\/div><div class=\"swiper-button-prev\"><\/div><div class=\"swiper-pagination\"><\/div><\/div><\/div>\n<h1><div class=\"su-divider su-divider-style-default\" style=\"margin:15px 0;border-width:3px;border-color:#999999\"><a href=\"#\" style=\"color:#999999\">Ir arriba<\/a><\/div><\/h1>\n<p style=\"text-align: left;\"><em>HackLab Paysand\u00fa forma parte de la segunda fase de Paysand\u00fa Innova, un proyecto de la Intendencia Departamental de Paysand\u00fa, en asociaci\u00f3n con la Oficina de Planeamiento y Presupuesto de Presidencia de la Rep\u00fablica, el Ministerio de Industria, Energ\u00eda y Miner\u00eda, la Agencia Nacional de Desarrollo, Universidad de la Rep\u00fablica, la Universidad del Trabajo del Uruguay, la Universidad Tecnol\u00f3gica del Uruguay, la Fundaci\u00f3n Julio Ricaldoni y la Agencia de Desarrollo Paysand\u00fa.-<\/em><\/p>\n<p>&nbsp;<\/p>\n<p><img loading=\"lazy\" decoding=\"async\" class=\"alignnone size-full wp-image-1118\" src=\"https:\/\/hlab.cup.edu.uy\/wp-content\/uploads\/2017\/01\/Socios-Pdu-Innova.jpg\" alt=\"\" width=\"2916\" height=\"1923\" srcset=\"https:\/\/hlab.cup.edu.uy\/wp-content\/uploads\/2017\/01\/Socios-Pdu-Innova.jpg 2916w, https:\/\/hlab.cup.edu.uy\/wp-content\/uploads\/2017\/01\/Socios-Pdu-Innova-300x198.jpg 300w, https:\/\/hlab.cup.edu.uy\/wp-content\/uploads\/2017\/01\/Socios-Pdu-Innova-768x506.jpg 768w, https:\/\/hlab.cup.edu.uy\/wp-content\/uploads\/2017\/01\/Socios-Pdu-Innova-1024x675.jpg 1024w\" sizes=\"auto, (max-width: 2916px) 100vw, 2916px\" \/><\/p>\n<hr \/>\n<p><span style=\"border-radius: 2px; text-indent: 20px; width: auto; padding: 0px 4px 0px 0px; text-align: center; font: bold 11px\/20px 'Helvetica Neue',Helvetica,sans-serif; color: #ffffff; background: #bd081c no-repeat scroll 3px 50% \/ 14px 14px; position: absolute; opacity: 1; z-index: 8675309; display: none; cursor: pointer;\">Guardar<\/span><\/p>\n<p><span style=\"border-radius: 2px; text-indent: 20px; width: auto; padding: 0px 4px 0px 0px; text-align: center; font: bold 11px\/20px 'Helvetica Neue',Helvetica,sans-serif; color: #ffffff; background: #bd081c no-repeat scroll 3px 50% \/ 14px 14px; position: absolute; opacity: 1; z-index: 8675309; display: none; cursor: pointer;\">Guardar<\/span><\/p>\n<p><span style=\"border-radius: 2px; text-indent: 20px; width: auto; padding: 0px 4px 0px 0px; text-align: center; font: bold 11px\/20px 'Helvetica Neue',Helvetica,sans-serif; color: #ffffff; background: #bd081c no-repeat scroll 3px 50% \/ 14px 14px; position: absolute; opacity: 1; z-index: 8675309; display: none; cursor: pointer;\">Guardar<\/span><\/p>\n<p><span style=\"border-radius: 2px; text-indent: 20px; width: auto; padding: 0px 4px 0px 0px; text-align: center; font: bold 11px\/20px 'Helvetica Neue',Helvetica,sans-serif; color: #ffffff; background: #bd081c no-repeat scroll 3px 50% \/ 14px 14px; position: absolute; opacity: 1; z-index: 8675309; display: none; cursor: pointer;\">Guardar<\/span><\/p>\n<p><span style=\"border-radius: 2px; text-indent: 20px; width: auto; padding: 0px 4px 0px 0px; text-align: center; font: bold 11px\/20px 'Helvetica Neue',Helvetica,sans-serif; color: #ffffff; background: #bd081c no-repeat scroll 3px 50% \/ 14px 14px; position: absolute; opacity: 1; z-index: 8675309; display: none; cursor: pointer;\">Guardar<\/span><\/p>\n<p><span style=\"border-radius: 2px; text-indent: 20px; width: auto; padding: 0px 4px 0px 0px; text-align: center; font: bold 11px\/20px 'Helvetica Neue',Helvetica,sans-serif; color: #ffffff; background: #bd081c no-repeat scroll 3px 50% \/ 14px 14px; position: absolute; opacity: 1; z-index: 8675309; display: none; cursor: pointer;\">Guardar<\/span><\/p>\n<p><span style=\"border-radius: 2px; text-indent: 20px; width: auto; padding: 0px 4px 0px 0px; text-align: center; font: bold 11px\/20px 'Helvetica Neue',Helvetica,sans-serif; color: #ffffff; background: #bd081c no-repeat scroll 3px 50% \/ 14px 14px; position: absolute; opacity: 1; z-index: 8675309; display: none; cursor: pointer;\">Guardar<\/span><\/p>\n<p><span style=\"border-radius: 2px; text-indent: 20px; width: auto; padding: 0px 4px 0px 0px; text-align: center; font: bold 11px\/20px 'Helvetica Neue',Helvetica,sans-serif; color: #ffffff; background: #bd081c no-repeat scroll 3px 50% \/ 14px 14px; position: absolute; opacity: 1; z-index: 8675309; display: none; cursor: pointer;\">Guardar<\/span><\/p>\n<p><span style=\"border-radius: 2px; text-indent: 20px; width: auto; padding: 0px 4px 0px 0px; text-align: center; font: bold 11px\/20px 'Helvetica Neue',Helvetica,sans-serif; color: #ffffff; background: #bd081c no-repeat scroll 3px 50% \/ 14px 14px; position: absolute; opacity: 1; z-index: 8675309; display: none; cursor: pointer;\">Guardar<\/span><\/p>\n<p><span style=\"border-radius: 2px; text-indent: 20px; width: auto; padding: 0px 4px 0px 0px; text-align: center; font: bold 11px\/20px 'Helvetica Neue',Helvetica,sans-serif; color: #ffffff; background: #bd081c no-repeat scroll 3px 50% \/ 14px 14px; position: absolute; opacity: 1; z-index: 8675309; display: none; cursor: pointer;\">Guardar<\/span><\/p>\n","protected":false},"excerpt":{"rendered":"","protected":false},"author":1,"featured_media":0,"parent":0,"menu_order":0,"comment_status":"closed","ping_status":"closed","template":"template-fullwidth.php","meta":{"footnotes":""},"class_list":["post-21","page","type-page","status-publish","hentry"],"_links":{"self":[{"href":"https:\/\/hlab.cup.edu.uy\/index.php\/wp-json\/wp\/v2\/pages\/21","targetHints":{"allow":["GET"]}}],"collection":[{"href":"https:\/\/hlab.cup.edu.uy\/index.php\/wp-json\/wp\/v2\/pages"}],"about":[{"href":"https:\/\/hlab.cup.edu.uy\/index.php\/wp-json\/wp\/v2\/types\/page"}],"author":[{"embeddable":true,"href":"https:\/\/hlab.cup.edu.uy\/index.php\/wp-json\/wp\/v2\/users\/1"}],"replies":[{"embeddable":true,"href":"https:\/\/hlab.cup.edu.uy\/index.php\/wp-json\/wp\/v2\/comments?post=21"}],"version-history":[{"count":77,"href":"https:\/\/hlab.cup.edu.uy\/index.php\/wp-json\/wp\/v2\/pages\/21\/revisions"}],"predecessor-version":[{"id":1139,"href":"https:\/\/hlab.cup.edu.uy\/index.php\/wp-json\/wp\/v2\/pages\/21\/revisions\/1139"}],"wp:attachment":[{"href":"https:\/\/hlab.cup.edu.uy\/index.php\/wp-json\/wp\/v2\/media?parent=21"}],"curies":[{"name":"wp","href":"https:\/\/api.w.org\/{rel}","templated":true}]}}