{"id":505,"date":"2017-06-20T12:35:46","date_gmt":"2017-06-20T12:35:46","guid":{"rendered":"http:\/\/server.paap.cup.edu.uy\/wordpress_hlab\/?page_id=505"},"modified":"2017-06-20T15:20:46","modified_gmt":"2017-06-20T15:20:46","slug":"participantes","status":"publish","type":"page","link":"https:\/\/hlab.cup.edu.uy\/index.php\/participantes\/","title":{"rendered":"Participantes del Hacklab Paysand\u00fa"},"content":{"rendered":"<style><\/style><div class=\"wplp_outside wplp_widget_507\" style=\"max-width:100%;\"><div id=\"wplp_widget_507\" class=\"wplp_widget_default wplp_container vertical swiper wplp-swiper default cols3\" data-theme=\"default\" data-post=\"507\" style=\"\" data-max-elts=\"7\" data-per-page=\"10\"><div class=\"wplp_listposts swiper-wrapper\" id=\"default_507\" style=\"width: 100%;\" ><div class=\"swiper-slide\" style=\"\"><div class=\"insideframe\"><div id=\"wplp_box_top_507_590\" class=\"wpcu-front-box top equalHeightImg\" ><div class=\"wplp-box-item\"><\/div><\/div><div id=\"wplp_box_left_507_590\" class=\"wpcu-front-box left wpcu-custom-position\" ><div class=\"wplp-box-item\"><a href=\"https:\/\/hlab.cup.edu.uy\/index.php\/2017\/06\/20\/german-f\/\"  class=\"title\">Germ\u00e1n F.<\/a><span class=\"text\"><span style=\"max-height:2.8em\" class=\"line_limit\">Germ\u00e1n F. estudiante de Doctorado de Ingenier\u00eda El\u00e9ctrica, de 28 a\u00f1os en el 2016, estuvo en el Laboratorio y realiz\u00f3 el siguiente proyecto:\u00a0 ver Proyecto<\/span><span style=\"margin-left:3px; max-height:2.8em\" class=\"line_limit\"> [...]<\/span><\/span><span class=\"custom_fields\">\n<!-- WPLP Unknown field: Custom_Fields -->\n<\/span><\/div><\/div><div id=\"wplp_box_right_507_590\" class=\"wpcu-front-box right wpcu-custom-position\" ><div class=\"wplp-box-item\"><\/div><\/div><div id=\"wplp_box_bottom_507_590\" class=\"wpcu-front-box bottom \" ><div class=\"wplp-box-item\"><\/div><\/div><\/div><\/div><div class=\"swiper-slide\" style=\"\"><div class=\"insideframe\"><div id=\"wplp_box_top_507_588\" class=\"wpcu-front-box top equalHeightImg\" ><div class=\"wplp-box-item\"><\/div><\/div><div id=\"wplp_box_left_507_588\" class=\"wpcu-front-box left wpcu-custom-position\" ><div class=\"wplp-box-item\"><a href=\"https:\/\/hlab.cup.edu.uy\/index.php\/2017\/06\/20\/andres-p\/\"  class=\"title\">Andr\u00e9s P.<\/a><span class=\"text\"><span style=\"max-height:2.8em\" class=\"line_limit\">Andr\u00e9s P. estudiante de 5to a\u00f1o de la carrera de Ingeniero en Computaci\u00f3n, en el 2016, estuvo en el Laboratorio y realiz\u00f3 el siguiente proyecto:\u00a0 ver Proyecto<\/span><span style=\"margin-left:3px; max-height:2.8em\" class=\"line_limit\"> [...]<\/span><\/span><span class=\"custom_fields\">\n<!-- WPLP Unknown field: Custom_Fields -->\n<\/span><\/div><\/div><div id=\"wplp_box_right_507_588\" class=\"wpcu-front-box right wpcu-custom-position\" ><div class=\"wplp-box-item\"><\/div><\/div><div id=\"wplp_box_bottom_507_588\" class=\"wpcu-front-box bottom \" ><div class=\"wplp-box-item\"><\/div><\/div><\/div><\/div><div class=\"swiper-slide\" style=\"\"><div class=\"insideframe\"><div id=\"wplp_box_top_507_581\" class=\"wpcu-front-box top equalHeightImg\" ><div class=\"wplp-box-item\"><\/div><\/div><div id=\"wplp_box_left_507_581\" class=\"wpcu-front-box left wpcu-custom-position\" ><div class=\"wplp-box-item\"><a href=\"https:\/\/hlab.cup.edu.uy\/index.php\/2017\/06\/20\/florencia-f\/\"  class=\"title\">Florencia F.<\/a><span class=\"text\"><span style=\"max-height:2.8em\" class=\"line_limit\">Florencia F. estudiante de Doctorado de Bioqu\u00edmica en el 2016, estuvo en el Laboratorio y realiz\u00f3 el siguiente proyecto:\u00a0 ver Proyecto<\/span><span style=\"margin-left:3px; max-height:2.8em\" class=\"line_limit\"> [...]<\/span><\/span><span class=\"custom_fields\">\n<!-- WPLP Unknown field: Custom_Fields -->\n<\/span><\/div><\/div><div id=\"wplp_box_right_507_581\" class=\"wpcu-front-box right wpcu-custom-position\" ><div class=\"wplp-box-item\"><\/div><\/div><div id=\"wplp_box_bottom_507_581\" class=\"wpcu-front-box bottom \" ><div class=\"wplp-box-item\"><\/div><\/div><\/div><\/div><div class=\"swiper-slide\" style=\"\"><div class=\"insideframe\"><div id=\"wplp_box_top_507_566\" class=\"wpcu-front-box top equalHeightImg\" ><div class=\"wplp-box-item\"><\/div><\/div><div id=\"wplp_box_left_507_566\" class=\"wpcu-front-box left wpcu-custom-position\" ><div class=\"wplp-box-item\"><a href=\"https:\/\/hlab.cup.edu.uy\/index.php\/2017\/06\/20\/juan-alumno-de-la-escuela-no-8\/\"  class=\"title\">Juan alumno de la Escuela N\u00ba 8<\/a><span class=\"text\"><span style=\"max-height:2.8em\" class=\"line_limit\">Ezequiel alumno de 6to a\u00f1o de la Escuela N\u00ba 8 de Paysand\u00fa, de 11 a\u00f1os en el 2016, particip\u00f3 de las actividades realizadas con su clase en el Hacklab. A partir de eso estuvo en el Laboratorio y realiz\u00f3 el siguiente proyecto:\u00a0 ver Proyecto<\/span><span style=\"margin-left:3px; max-height:2.8em\" class=\"line_limit\"> [...]<\/span><\/span><span class=\"custom_fields\">\n<!-- WPLP Unknown field: Custom_Fields -->\n<\/span><\/div><\/div><div id=\"wplp_box_right_507_566\" class=\"wpcu-front-box right wpcu-custom-position\" ><div class=\"wplp-box-item\"><\/div><\/div><div id=\"wplp_box_bottom_507_566\" class=\"wpcu-front-box bottom \" ><div class=\"wplp-box-item\"><\/div><\/div><\/div><\/div><div class=\"swiper-slide\" style=\"\"><div class=\"insideframe\"><div id=\"wplp_box_top_507_562\" class=\"wpcu-front-box top equalHeightImg\" ><div class=\"wplp-box-item\"><\/div><\/div><div id=\"wplp_box_left_507_562\" class=\"wpcu-front-box left wpcu-custom-position\" ><div class=\"wplp-box-item\"><a href=\"https:\/\/hlab.cup.edu.uy\/index.php\/2017\/06\/20\/ezequiel\/\"  class=\"title\">Ezequiel<\/a><span class=\"text\"><span style=\"max-height:2.8em\" class=\"line_limit\">Ezequiel alumno de 6to a\u00f1o de la Escuela N\u00ba 8 de Paysand\u00fa, de 11 a\u00f1os en el 2016, particip\u00f3 de las actividades realizadas con su clase en el Hacklab. A partir de eso estuvo en el Laboratorio y realiz\u00f3 el siguiente proyecto:\u00a0ver Proyecto<\/span><span style=\"margin-left:3px; max-height:2.8em\" class=\"line_limit\"> [...]<\/span><\/span><span class=\"custom_fields\">\n<!-- WPLP Unknown field: Custom_Fields -->\n<\/span><\/div><\/div><div id=\"wplp_box_right_507_562\" class=\"wpcu-front-box right wpcu-custom-position\" ><div class=\"wplp-box-item\"><\/div><\/div><div id=\"wplp_box_bottom_507_562\" class=\"wpcu-front-box bottom \" ><div class=\"wplp-box-item\"><\/div><\/div><\/div><\/div><div class=\"swiper-slide\" style=\"\"><div class=\"insideframe\"><div id=\"wplp_box_top_507_560\" class=\"wpcu-front-box top equalHeightImg\" ><div class=\"wplp-box-item\"><\/div><\/div><div id=\"wplp_box_left_507_560\" class=\"wpcu-front-box left wpcu-custom-position\" ><div class=\"wplp-box-item\"><a href=\"https:\/\/hlab.cup.edu.uy\/index.php\/2017\/06\/20\/lucas-g\/\"  class=\"title\">Lucas G.<\/a><span class=\"text\"><span style=\"max-height:2.8em\" class=\"line_limit\">Lucas G. estudiante de 3er. a\u00f1o de liceo, de 14 a\u00f1os en el 2016, estuvo en el Laboratorio y realiz\u00f3 el siguiente proyecto: ver Proyecto<\/span><span style=\"margin-left:3px; max-height:2.8em\" class=\"line_limit\"> [...]<\/span><\/span><span class=\"custom_fields\">\n<!-- WPLP Unknown field: Custom_Fields -->\n<\/span><\/div><\/div><div id=\"wplp_box_right_507_560\" class=\"wpcu-front-box right wpcu-custom-position\" ><div class=\"wplp-box-item\"><\/div><\/div><div id=\"wplp_box_bottom_507_560\" class=\"wpcu-front-box bottom \" ><div class=\"wplp-box-item\"><\/div><\/div><\/div><\/div><div class=\"swiper-slide\" style=\"\"><div class=\"insideframe\"><div id=\"wplp_box_top_507_503\" class=\"wpcu-front-box top equalHeightImg\" ><div class=\"wplp-box-item\"><\/div><\/div><div id=\"wplp_box_left_507_503\" class=\"wpcu-front-box left wpcu-custom-position\" ><div class=\"wplp-box-item\"><a href=\"https:\/\/hlab.cup.edu.uy\/index.php\/2017\/06\/20\/ignacio-c\/\"  class=\"title\">Ignacio C.<\/a><span class=\"text\"><span style=\"max-height:2.8em\" class=\"line_limit\">Ignacio C. estudiantes de 5to Cient\u00edfico, de 17 a\u00f1os en el 2016, estuvo en el Laboratorio y realiz\u00f3 el siguiente proyecto: ver Proyecto<\/span><span style=\"margin-left:3px; max-height:2.8em\" class=\"line_limit\"> [...]<\/span><\/span><span class=\"custom_fields\">\n<!-- WPLP Unknown field: Custom_Fields -->\n<\/span><\/div><\/div><div id=\"wplp_box_right_507_503\" class=\"wpcu-front-box right wpcu-custom-position\" ><div class=\"wplp-box-item\"><\/div><\/div><div id=\"wplp_box_bottom_507_503\" class=\"wpcu-front-box bottom \" ><div class=\"wplp-box-item\"><\/div><\/div><\/div><\/div><\/div><div class=\"swiper-button-next\"><\/div><div class=\"swiper-button-prev\"><\/div><div class=\"swiper-pagination\"><\/div><\/div><\/div>\n<p><span style=\"border-radius: 2px; text-indent: 20px; width: auto; padding: 0px 4px 0px 0px; text-align: center; font: bold 11px\/20px 'Helvetica Neue',Helvetica,sans-serif; color: #ffffff; background: #bd081c no-repeat scroll 3px 50% \/ 14px 14px; position: absolute; opacity: 1; z-index: 8675309; display: none; cursor: pointer;\">Guardar<\/span><\/p>\n<p><span style=\"border-radius: 2px; text-indent: 20px; width: auto; padding: 0px 4px 0px 0px; text-align: center; font: bold 11px\/20px 'Helvetica Neue',Helvetica,sans-serif; color: #ffffff; background: #bd081c no-repeat scroll 3px 50% \/ 14px 14px; position: absolute; opacity: 1; z-index: 8675309; display: none; cursor: pointer;\">Guardar<\/span><\/p>\n<p><span style=\"border-radius: 2px; text-indent: 20px; width: auto; padding: 0px 4px 0px 0px; text-align: center; font: bold 11px\/20px 'Helvetica Neue',Helvetica,sans-serif; color: #ffffff; background: #bd081c no-repeat scroll 3px 50% \/ 14px 14px; position: absolute; opacity: 1; z-index: 8675309; display: none; cursor: pointer;\">Guardar<\/span><\/p>\n<p><span style=\"border-radius: 2px; text-indent: 20px; width: auto; padding: 0px 4px 0px 0px; text-align: center; font: bold 11px\/20px 'Helvetica Neue',Helvetica,sans-serif; color: #ffffff; background: #bd081c no-repeat scroll 3px 50% \/ 14px 14px; position: absolute; opacity: 1; z-index: 8675309; display: none; cursor: pointer;\">Guardar<\/span><\/p>\n<p><span style=\"border-radius: 2px; text-indent: 20px; width: auto; padding: 0px 4px 0px 0px; text-align: center; font: bold 11px\/20px 'Helvetica Neue',Helvetica,sans-serif; color: #ffffff; background: #bd081c no-repeat scroll 3px 50% \/ 14px 14px; position: absolute; opacity: 1; z-index: 8675309; display: none; cursor: pointer;\">Guardar<\/span><\/p>\n<p><span style=\"border-radius: 2px; text-indent: 20px; width: auto; padding: 0px 4px 0px 0px; text-align: center; font: bold 11px\/20px 'Helvetica Neue',Helvetica,sans-serif; color: #ffffff; background: #bd081c no-repeat scroll 3px 50% \/ 14px 14px; position: absolute; opacity: 1; z-index: 8675309; display: none; cursor: pointer;\">Guardar<\/span><\/p>\n<p><span style=\"border-radius: 2px; text-indent: 20px; width: auto; padding: 0px 4px 0px 0px; text-align: center; font: bold 11px\/20px 'Helvetica Neue',Helvetica,sans-serif; color: #ffffff; background: #bd081c no-repeat scroll 3px 50% \/ 14px 14px; position: absolute; opacity: 1; z-index: 8675309; display: none; cursor: pointer;\">Guardar<\/span><\/p>\n<p><span style=\"border-radius: 2px; text-indent: 20px; width: auto; padding: 0px 4px 0px 0px; text-align: center; font: bold 11px\/20px 'Helvetica Neue',Helvetica,sans-serif; color: #ffffff; background: #bd081c no-repeat scroll 3px 50% \/ 14px 14px; position: absolute; opacity: 1; z-index: 8675309; display: none; cursor: pointer;\">Guardar<\/span><\/p>\n<p><span style=\"border-radius: 2px; text-indent: 20px; width: auto; padding: 0px 4px 0px 0px; text-align: center; font: bold 11px\/20px 'Helvetica Neue',Helvetica,sans-serif; color: #ffffff; background: #bd081c no-repeat scroll 3px 50% \/ 14px 14px; position: absolute; opacity: 1; z-index: 8675309; display: none; cursor: pointer;\">Guardar<\/span><\/p>\n<p><span style=\"border-radius: 2px; text-indent: 20px; width: auto; padding: 0px 4px 0px 0px; text-align: center; font: bold 11px\/20px 'Helvetica Neue',Helvetica,sans-serif; color: #ffffff; background: #bd081c  no-repeat scroll 3px 50% \/ 14px 14px; position: absolute; opacity: 1; z-index: 8675309; display: none; cursor: pointer;\">Guardar<\/span><\/p>\n","protected":false},"excerpt":{"rendered":"","protected":false},"author":2,"featured_media":0,"parent":0,"menu_order":0,"comment_status":"closed","ping_status":"closed","template":"template-fullwidth.php","meta":{"footnotes":""},"class_list":["post-505","page","type-page","status-publish","hentry"],"_links":{"self":[{"href":"https:\/\/hlab.cup.edu.uy\/index.php\/wp-json\/wp\/v2\/pages\/505","targetHints":{"allow":["GET"]}}],"collection":[{"href":"https:\/\/hlab.cup.edu.uy\/index.php\/wp-json\/wp\/v2\/pages"}],"about":[{"href":"https:\/\/hlab.cup.edu.uy\/index.php\/wp-json\/wp\/v2\/types\/page"}],"author":[{"embeddable":true,"href":"https:\/\/hlab.cup.edu.uy\/index.php\/wp-json\/wp\/v2\/users\/2"}],"replies":[{"embeddable":true,"href":"https:\/\/hlab.cup.edu.uy\/index.php\/wp-json\/wp\/v2\/comments?post=505"}],"version-history":[{"count":12,"href":"https:\/\/hlab.cup.edu.uy\/index.php\/wp-json\/wp\/v2\/pages\/505\/revisions"}],"predecessor-version":[{"id":594,"href":"https:\/\/hlab.cup.edu.uy\/index.php\/wp-json\/wp\/v2\/pages\/505\/revisions\/594"}],"wp:attachment":[{"href":"https:\/\/hlab.cup.edu.uy\/index.php\/wp-json\/wp\/v2\/media?parent=505"}],"curies":[{"name":"wp","href":"https:\/\/api.w.org\/{rel}","templated":true}]}}